{"id":13546,"date":"2017-11-22T14:00:24","date_gmt":"2017-11-22T14:00:24","guid":{"rendered":"http:\/\/galleria-metropolia.cmsmasters.net\/?page_id=13546"},"modified":"2025-01-17T16:59:52","modified_gmt":"2025-01-17T16:59:52","slug":"servicos-educativos","status":"publish","type":"page","link":"https:\/\/museu.ourem.pt\/?page_id=13546","title":{"rendered":"Servi\u00e7o Educativo do Museu Municipal de Our\u00e9m"},"content":{"rendered":"<div class=\"tts_content_wrapper_1\" ><div id=\"cmsmasters_row_caqd0xx4a\" class=\"cmsmasters_row cmsmasters_color_scheme_default cmsmasters_row_top_default cmsmasters_row_bot_default cmsmasters_row_boxed\">\n<div class=\"cmsmasters_row_outer_parent\">\n<div class=\"cmsmasters_row_outer\">\n<div class=\"cmsmasters_row_inner\">\n<div class=\"cmsmasters_row_margin\">\n<div id=\"cmsmasters_column_di8neyxqe5\" class=\"cmsmasters_column one_first\">\n<div class=\"cmsmasters_column_inner\"><div id=\"cmsmasters_heading_as7epkg4r6\" class=\"cmsmasters_heading_wrap cmsmasters_heading_align_center\">\n\t<h2 class=\"cmsmasters_heading\">Servi\u00e7o Educativo<\/h2>\n<\/div>\n<\/div><\/div>\n<\/div>\n<\/div>\n<\/div>\n<\/div>\n<\/div>\n<div id=\"cmsmasters_row_h3692pawoe\" class=\"cmsmasters_row cmsmasters_color_scheme_default cmsmasters_row_top_default cmsmasters_row_bot_default cmsmasters_row_boxed\">\n<div class=\"cmsmasters_row_outer_parent\">\n<div class=\"cmsmasters_row_outer\">\n<div class=\"cmsmasters_row_inner\">\n<div class=\"cmsmasters_row_margin\">\n<div id=\"cmsmasters_column_i2xoap9ecc\" class=\"cmsmasters_column one_half\">\n<div class=\"cmsmasters_column_inner\"><div id=\"cmsmasters_heading_ywhtaqdz7\" class=\"cmsmasters_heading_wrap cmsmasters_heading_align_left\">\n\t<h5 class=\"cmsmasters_heading\">Museu Municipal de Our\u00e9m<\/h5>\n<\/div><div id=\"cmsmasters_heading_tnsurkbat\" class=\"cmsmasters_heading_wrap cmsmasters_heading_align_left\">\n\t<h2 class=\"cmsmasters_heading\">Servi\u00e7o Educativo do Museu Municipal de Our\u00e9m <\/h2>\n<\/div><div id=\"cmsmasters_heading_v15j3856uj\" class=\"cmsmasters_heading_wrap cmsmasters_heading_align_left\">\n\t<h4 class=\"cmsmasters_heading\">O Museu Municipal de Our\u00e9m apresenta um projeto educativo intergeracional e intercultural que estimula o conhecimento do territ\u00f3rio, a constru\u00e7\u00e3o de identidades individuais e coletivas sustentadas em valores de cidadania. Visitas orientadas e expositivas, oficinas explorat\u00f3rias e pedag\u00f3gicas, e percursos tem\u00e1ticos s\u00e3o algumas ofertas de uma programa\u00e7\u00e3o diversificada e interativa com os p\u00fablicos e o acervo do Museu.<\/h4>\n<\/div>\n<\/div><\/div>\n<div id=\"cmsmasters_column_a9xxet9xj\" class=\"cmsmasters_column one_half\">\n<div class=\"cmsmasters_column_inner\"><div class=\"cmsmasters_text\">\n<h4><sup>Inscri\u00e7\u00f5es obrigat\u00f3rias no Museu Municipal de Our\u00e9m de ter\u00e7a a domingo, das 09.00h \u00e0s 13.00h e das 14.00h \u00e0s 17.00h (hor\u00e1rio de inverno &#8211; novembro\/fevereiro) | das 10.00h \u00e0s 13.00h e das 14.00h \u00e0s 18.00h (hor\u00e1rio de ver\u00e3o &#8211; mar\u00e7o\/outubro). Tel: 249 540 900 (ext. 6831) \u05c0 tlm: 919 585 003 \u05c0 e-mail: museu@cm-ourem.pt<\/sup><\/h4>\n<h4><sup>NOTAS: O programa educativo inclui a visita guiada \u00e0s exposi\u00e7\u00f5es patentes no Museu Municipal &#8211; Casa do Administrador ou Castelo e Pa\u00e7o dos Condes. A desloca\u00e7\u00e3o a escolas do concelho\/lares\/centros de dia tem um valor de 26,58\u20ac p\/ grupo. O programa educativo para escolas externas ao concelho de Our\u00e9m tem um valor de 26,58\u20ac p\/ grupo.<\/sup><\/h4>\n<\/div>\n<\/div><\/div>\n<\/div>\n<\/div>\n<\/div>\n<\/div>\n<\/div>\n<div id=\"cmsmasters_row_34rci5y4jh\" class=\"cmsmasters_row cmsmasters_color_scheme_default cmsmasters_row_top_default cmsmasters_row_bot_default cmsmasters_row_boxed\">\n<div class=\"cmsmasters_row_outer_parent\">\n<div class=\"cmsmasters_row_outer\">\n<div class=\"cmsmasters_row_inner\">\n<div class=\"cmsmasters_row_margin\">\n<div id=\"cmsmasters_column_yms5scqyxo\" class=\"cmsmasters_column one_first\">\n<div class=\"cmsmasters_column_inner\"><div id=\"cmsmasters_button_c6um61k1yh\" class=\"button_wrap\"><a href=\"https:\/\/museu.ourem.pt\/wp-content\/uploads\/2025\/01\/Catalogo-Educativo.pdf\" class=\"cmsmasters_button\" target=\"_blank\"><span>CAT\u00c1LOGO EDUCATIVO<\/span><\/a><\/div>\n<\/div><\/div>\n<\/div>\n<\/div>\n<\/div>\n<\/div>\n<\/div>\n\n<\/div><div class=\"tts__custom-position_bottom_left\" ><\/div>","protected":false},"excerpt":{"rendered":"","protected":false},"author":1,"featured_media":0,"parent":0,"menu_order":0,"comment_status":"closed","ping_status":"closed","template":"","meta":{"footnotes":""},"class_list":["post-13546","page","type-page","status-publish","hentry"],"_links":{"self":[{"href":"https:\/\/museu.ourem.pt\/index.php?rest_route=\/wp\/v2\/pages\/13546","targetHints":{"allow":["GET"]}}],"collection":[{"href":"https:\/\/museu.ourem.pt\/index.php?rest_route=\/wp\/v2\/pages"}],"about":[{"href":"https:\/\/museu.ourem.pt\/index.php?rest_route=\/wp\/v2\/types\/page"}],"author":[{"embeddable":true,"href":"https:\/\/museu.ourem.pt\/index.php?rest_route=\/wp\/v2\/users\/1"}],"replies":[{"embeddable":true,"href":"https:\/\/museu.ourem.pt\/index.php?rest_route=%2Fwp%2Fv2%2Fcomments&post=13546"}],"version-history":[{"count":2,"href":"https:\/\/museu.ourem.pt\/index.php?rest_route=\/wp\/v2\/pages\/13546\/revisions"}],"predecessor-version":[{"id":17939,"href":"https:\/\/museu.ourem.pt\/index.php?rest_route=\/wp\/v2\/pages\/13546\/revisions\/17939"}],"wp:attachment":[{"href":"https:\/\/museu.ourem.pt\/index.php?rest_route=%2Fwp%2Fv2%2Fmedia&parent=13546"}],"curies":[{"name":"wp","href":"https:\/\/api.w.org\/{rel}","templated":true}]}}