{"id":529,"date":"2015-04-20T11:50:56","date_gmt":"2015-04-20T11:50:56","guid":{"rendered":"http:\/\/welfare.cmsmasters.net\/?page_id=529"},"modified":"2024-11-22T19:26:42","modified_gmt":"2024-11-22T19:26:42","slug":"about","status":"publish","type":"page","link":"https:\/\/museu.ourem.pt\/?page_id=529","title":{"rendered":"Museu"},"content":{"rendered":"<div class=\"tts_content_wrapper_1\" ><div id=\"cmsmasters_row_iil1z7a1ka\" class=\"cmsmasters_row cmsmasters_color_scheme_default cmsmasters_row_top_default cmsmasters_row_bot_default cmsmasters_row_boxed\">\n<div class=\"cmsmasters_row_outer_parent\">\n<div class=\"cmsmasters_row_outer\">\n<div class=\"cmsmasters_row_inner\">\n<div class=\"cmsmasters_row_margin\">\n<div id=\"cmsmasters_column_235yxw20tv\" class=\"cmsmasters_column one_first\">\n<div class=\"cmsmasters_column_inner\"><div id=\"cmsmasters_heading_3av90vgoaw\" class=\"cmsmasters_heading_wrap cmsmasters_heading_align_center\">\n\t<h2 class=\"cmsmasters_heading\">Museu<\/h2>\n<\/div>\n<\/div><\/div>\n<\/div>\n<\/div>\n<\/div>\n<\/div>\n<\/div>\n<div id=\"cmsmasters_row_\" class=\"cmsmasters_row cmsmasters_color_scheme_default cmsmasters_row_top_default cmsmasters_row_bot_default cmsmasters_row_boxed\">\n<div class=\"cmsmasters_row_outer_parent\">\n<div class=\"cmsmasters_row_outer\">\n<div class=\"cmsmasters_row_inner\">\n<div class=\"cmsmasters_row_margin\">\n<div id=\"cmsmasters_column_\" class=\"cmsmasters_column one_first\">\n<div class=\"cmsmasters_column_inner\"><div class=\"cmsmasters_text\">\n<p>&nbsp;<\/p>\n<\/div>\n<\/div><\/div>\n<\/div>\n<\/div>\n<\/div>\n<\/div>\n<\/div>\n<div id=\"cmsmasters_row_ql4f78ir2\" class=\"cmsmasters_row cmsmasters_color_scheme_default cmsmasters_row_top_default cmsmasters_row_bot_default cmsmasters_row_boxed\">\n<div class=\"cmsmasters_row_outer_parent\">\n<div class=\"cmsmasters_row_outer\">\n<div class=\"cmsmasters_row_inner\">\n<div class=\"cmsmasters_row_margin\">\n<div id=\"cmsmasters_column_lkbwwpxi5i\" class=\"cmsmasters_column one_first\">\n<div class=\"cmsmasters_column_inner\"><div id=\"cmsmasters_heading_rktqfvcoyn\" class=\"cmsmasters_heading_wrap cmsmasters_heading_align_left\">\n\t<h5 class=\"cmsmasters_heading\">Museu<\/h5>\n<\/div><div id=\"cmsmasters_heading_v6b67hw4i\" class=\"cmsmasters_heading_wrap cmsmasters_heading_align_left\">\n\t<h2 class=\"cmsmasters_heading\">Miss\u00e3o:<\/h2>\n<\/div>\n<\/div><\/div>\n<\/div>\n<\/div>\n<\/div>\n<\/div>\n<\/div>\n<div id=\"cmsmasters_row_t1ckutsnxk\" class=\"cmsmasters_row cmsmasters_color_scheme_default cmsmasters_row_top_default cmsmasters_row_bot_default cmsmasters_row_boxed\">\n<div class=\"cmsmasters_row_outer_parent\">\n<div class=\"cmsmasters_row_outer\">\n<div class=\"cmsmasters_row_inner\">\n<div class=\"cmsmasters_row_margin cmsmasters_row_columns_behavior\">\n<div id=\"cmsmasters_column_iwglb4vt8\" class=\"cmsmasters_column one_first\">\n<div class=\"cmsmasters_column_inner\"><div class=\"cmsmasters_text\">\n<p>O MUSEU MUNICIPAL DE OUR\u00c9M interv\u00e9m enquanto entidade coordenadora de onde irradiam resolu\u00e7\u00f5es de implementa\u00e7\u00e3o para as UNIDADES EXPOSITIVAS E INTERPRETATIVAS, num compromisso de descentraliza\u00e7\u00e3o territorial. Esta unidade de gest\u00e3o, ordenada em torno da tr\u00edade COLE\u00c7\u00c3O-TERRIT\u00d3RIO-POPULA\u00c7\u00c3O, \u00e9 uma estrutura de gest\u00e3o reticular apta a otimizar os recursos afetos.<\/p>\n<p>Tutelado pelo Munic\u00edpio de Our\u00e9m, atrav\u00e9s da sua Divis\u00e3o de A\u00e7\u00e3o Cultural, contempla recursos humanos com forma\u00e7\u00e3o adequada aos requisitos t\u00e9cnicos e cient\u00edficos de cada uma das suas \u00e1reas funcionais, dando cumprimento \u00e0 hierarquia org\u00e2nica estabelecida em regulamento de organiza\u00e7\u00e3o dos servi\u00e7os municipais.<\/p>\n<p>Em 2014, ap\u00f3s longo processo de credencia\u00e7\u00e3o ao abrigo da Lei Quadro dos Museus Portugueses, o Museu Municipal de Our\u00e9m passou a pertencer \u00e0 REDE PORTUGUESA DE MUSEUS. Este sistema organizado de museus \u00e9 essencial na execu\u00e7\u00e3o da pol\u00edtica museol\u00f3gica nacional e na qualifica\u00e7\u00e3o e reconhecimento dos museus portugueses.<\/p>\n<p>A n\u00edvel regional inclui-se na Rede Museus do M\u00e9dio Tejo, grupo de trabalho constitu\u00eddo em 2018 em resultado de um protocolo entre a Comunidade Intermunicipal do M\u00e9dio Tejo e o Instituto Polit\u00e9cnico de Tomar.<\/p>\n<\/div>\n<\/div><\/div>\n<\/div>\n<\/div>\n<\/div>\n<\/div>\n<\/div>\n<div id=\"cmsmasters_row_e1u13sza3k\" class=\"cmsmasters_row cmsmasters_color_scheme_default cmsmasters_row_top_default cmsmasters_row_bot_default cmsmasters_row_boxed\">\n<div id=\"funmus\" class=\"cmsmasters_row_outer_parent\">\n<div class=\"cmsmasters_row_outer\">\n<div class=\"cmsmasters_row_inner\">\n<div class=\"cmsmasters_row_margin\">\n<div id=\"cmsmasters_column_oi8ono6wvs\" class=\"cmsmasters_column one_first\">\n<div class=\"cmsmasters_column_inner\"><div id=\"cmsmasters_heading_jiynljquqp\" class=\"cmsmasters_heading_wrap cmsmasters_heading_align_left\">\n\t<h2 class=\"cmsmasters_heading\">Reconhecimentos:<\/h2>\n<\/div><div class=\"cmsmasters_text\">\n<p>A Associa\u00e7\u00e3o Portuguesa de Museologia (APOM) atribuiu, em 2018, o pr\u00e9mio <strong>\u201cINOVA\u00c7\u00c3O E CRIATIVIDADE\u201d <\/strong>pelo projeto da mesa digital integrado na exposi\u00e7\u00e3o \u201cCrian\u00e7as entre Crian\u00e7as: Os Pastorinhos de F\u00e1tima na Casa do Administrador\u201d, fruto de um trabalho de conce\u00e7\u00e3o e produ\u00e7\u00e3o de conte\u00fados desenvolvido em conjunto pela equipa do Museu Municipal de Our\u00e9m e pelas empresas byAR e Stripeline.<\/p>\n<\/div>\n<\/div><\/div>\n<\/div>\n<\/div>\n<\/div>\n<\/div>\n<\/div>\n<div id=\"cmsmasters_row_tzlzz5qwk7\" class=\"cmsmasters_row cmsmasters_color_scheme_default cmsmasters_row_top_default cmsmasters_row_bot_default cmsmasters_row_boxed\">\n<div class=\"cmsmasters_row_outer_parent\">\n<div class=\"cmsmasters_row_outer\">\n<div class=\"cmsmasters_row_inner\">\n<div class=\"cmsmasters_row_margin\">\n<div id=\"cmsmasters_column_rthgfvh6xd\" class=\"cmsmasters_column one_first\">\n<div class=\"cmsmasters_column_inner\">\n<div class=\"cmsmasters_embed_wrap\">\n<iframe loading=\"lazy\" title=\"Crian\u00e7as entre Crian\u00e7as\" width=\"600\" height=\"338\" src=\"https:\/\/www.youtube.com\/embed\/XBzR_CesI50?feature=oembed\" frameborder=\"0\" allow=\"accelerometer; autoplay; clipboard-write; encrypted-media; gyroscope; picture-in-picture; web-share\" referrerpolicy=\"strict-origin-when-cross-origin\" allowfullscreen><\/iframe><\/div>\n<div id=\"cmsmasters_gallery_bvrj2o5kru\" class=\"cmsmasters_gallery_wrap\" data-type=\"grid\" data-count=\"0\"><ul class=\"cmsmasters_gallery cmsmasters_3 cmsmasters_more_items_loader\"><li class=\"cmsmasters_gallery_item\"><figure><img loading=\"lazy\" decoding=\"async\" width=\"1925\" height=\"531\" src=\"https:\/\/museu.ourem.pt\/wp-content\/uploads\/2024\/10\/Logo-MMO-RPM.png?wsr\" class=\"attachment-full size-full\" alt=\"\" srcset=\"https:\/\/museu.ourem.pt\/wp-content\/uploads\/2024\/10\/Logo-MMO-RPM.png 1925w, https:\/\/museu.ourem.pt\/wp-content\/uploads\/2024\/10\/Logo-MMO-RPM-768x212.png 768w, https:\/\/museu.ourem.pt\/wp-content\/uploads\/2024\/10\/Logo-MMO-RPM-1024x282.png 1024w, https:\/\/museu.ourem.pt\/wp-content\/uploads\/2024\/10\/Logo-MMO-RPM-1536x424.png 1536w, https:\/\/museu.ourem.pt\/wp-content\/uploads\/2024\/10\/Logo-MMO-RPM-580x160.png 580w, https:\/\/museu.ourem.pt\/wp-content\/uploads\/2024\/10\/Logo-MMO-RPM-860x237.png 860w, https:\/\/museu.ourem.pt\/wp-content\/uploads\/2024\/10\/Logo-MMO-RPM-1160x320.png 1160w, https:\/\/museu.ourem.pt\/wp-content\/uploads\/2024\/10\/Logo-MMO-RPM-540x149.png 540w, https:\/\/museu.ourem.pt\/wp-content\/uploads\/2024\/10\/Logo-MMO-RPM-600x166.png 600w\" sizes=\"auto, (max-width: 1925px) 100vw, 1925px\" \/><\/figure><\/li><\/ul><\/div>\n<\/div><\/div>\n<\/div>\n<\/div>\n<\/div>\n<\/div>\n<\/div>\n\n<\/div><div class=\"tts__custom-position_bottom_left\" ><\/div>","protected":false},"excerpt":{"rendered":"","protected":false},"author":1,"featured_media":0,"parent":0,"menu_order":0,"comment_status":"closed","ping_status":"closed","template":"","meta":{"footnotes":""},"class_list":["post-529","page","type-page","status-publish","hentry"],"_links":{"self":[{"href":"https:\/\/museu.ourem.pt\/index.php?rest_route=\/wp\/v2\/pages\/529","targetHints":{"allow":["GET"]}}],"collection":[{"href":"https:\/\/museu.ourem.pt\/index.php?rest_route=\/wp\/v2\/pages"}],"about":[{"href":"https:\/\/museu.ourem.pt\/index.php?rest_route=\/wp\/v2\/types\/page"}],"author":[{"embeddable":true,"href":"https:\/\/museu.ourem.pt\/index.php?rest_route=\/wp\/v2\/users\/1"}],"replies":[{"embeddable":true,"href":"https:\/\/museu.ourem.pt\/index.php?rest_route=%2Fwp%2Fv2%2Fcomments&post=529"}],"version-history":[{"count":0,"href":"https:\/\/museu.ourem.pt\/index.php?rest_route=\/wp\/v2\/pages\/529\/revisions"}],"wp:attachment":[{"href":"https:\/\/museu.ourem.pt\/index.php?rest_route=%2Fwp%2Fv2%2Fmedia&parent=529"}],"curies":[{"name":"wp","href":"https:\/\/api.w.org\/{rel}","templated":true}]}}