{"id":15878,"date":"2024-10-02T16:18:56","date_gmt":"2024-10-02T16:18:56","guid":{"rendered":"https:\/\/majortom.pt\/museuourem_v4\/?post_type=product&#038;p=15878"},"modified":"2024-10-02T16:44:38","modified_gmt":"2024-10-02T16:44:38","slug":"modern-artists-glorifying-womens-beauty-copia","status":"publish","type":"product","link":"https:\/\/museu.ourem.pt\/?product=modern-artists-glorifying-womens-beauty-copia","title":{"rendered":"Martim Anes Bocifal"},"content":{"rendered":"<div class=\"tts_content_wrapper_1\" ><\/div><div class=\"tts__custom-position_bottom_left\" ><\/div>","protected":false},"excerpt":{"rendered":"<address>(P.e Jos\u00e9 Fernandes de Almeida, 1989)<\/address>\n<p>Publica\u00e7\u00e3o que se debru\u00e7a sobre o testamento de Martim Anes Bocifal, s\u00e9culo XIV, referente a todas as propriedades existentes na freguesia do Olival e que lhe pertenciam. Trata-se de um documento de extrema import\u00e2ncia para quem pretende conhecer ou estudar melhor a hist\u00f3ria desta freguesia e do nosso concelho.<\/p>\n","protected":false},"featured_media":15874,"template":"","meta":[],"product_cat":[69],"product_tag":[],"class_list":{"0":"post-15878","1":"product","2":"type-product","3":"status-publish","4":"has-post-thumbnail","6":"product_cat-livros","8":"first","9":"instock","10":"shipping-taxable","11":"purchasable","12":"product-type-simple"},"_links":{"self":[{"href":"https:\/\/museu.ourem.pt\/index.php?rest_route=\/wp\/v2\/product\/15878","targetHints":{"allow":["GET"]}}],"collection":[{"href":"https:\/\/museu.ourem.pt\/index.php?rest_route=\/wp\/v2\/product"}],"about":[{"href":"https:\/\/museu.ourem.pt\/index.php?rest_route=\/wp\/v2\/types\/product"}],"wp:featuredmedia":[{"embeddable":true,"href":"https:\/\/museu.ourem.pt\/index.php?rest_route=\/wp\/v2\/media\/15874"}],"wp:attachment":[{"href":"https:\/\/museu.ourem.pt\/index.php?rest_route=%2Fwp%2Fv2%2Fmedia&parent=15878"}],"wp:term":[{"taxonomy":"product_cat","embeddable":true,"href":"https:\/\/museu.ourem.pt\/index.php?rest_route=%2Fwp%2Fv2%2Fproduct_cat&post=15878"},{"taxonomy":"product_tag","embeddable":true,"href":"https:\/\/museu.ourem.pt\/index.php?rest_route=%2Fwp%2Fv2%2Fproduct_tag&post=15878"}],"curies":[{"name":"wp","href":"https:\/\/api.w.org\/{rel}","templated":true}]}}