{"id":15883,"date":"2024-10-02T16:44:52","date_gmt":"2024-10-02T16:44:52","guid":{"rendered":"https:\/\/majortom.pt\/museuourem_v4\/?post_type=product&#038;p=15883"},"modified":"2024-10-02T16:46:58","modified_gmt":"2024-10-02T16:46:58","slug":"fatima-como-nasceu-e-cresceu","status":"publish","type":"product","link":"https:\/\/museu.ourem.pt\/?product=fatima-como-nasceu-e-cresceu","title":{"rendered":"F\u00e1tima &#8211; Como Nasceu e Cresceu"},"content":{"rendered":"<div class=\"tts_content_wrapper_1\" ><\/div><div class=\"tts__custom-position_bottom_left\" ><\/div>","protected":false},"excerpt":{"rendered":"<address>(Oliveira F., 1990)<\/address>\n<p>Abordagem sobre o nascimento e desenvolvimento da cidade de F\u00e1tima, em toda a sua vertente urban\u00edstica desde a edifica\u00e7\u00e3o do Santu\u00e1rio at\u00e9 aos nossos dias.<\/p>\n","protected":false},"featured_media":15884,"template":"","meta":[],"product_cat":[69],"product_tag":[],"class_list":{"0":"post-15883","1":"product","2":"type-product","3":"status-publish","4":"has-post-thumbnail","6":"product_cat-livros","8":"first","9":"instock","10":"shipping-taxable","11":"purchasable","12":"product-type-simple"},"_links":{"self":[{"href":"https:\/\/museu.ourem.pt\/index.php?rest_route=\/wp\/v2\/product\/15883","targetHints":{"allow":["GET"]}}],"collection":[{"href":"https:\/\/museu.ourem.pt\/index.php?rest_route=\/wp\/v2\/product"}],"about":[{"href":"https:\/\/museu.ourem.pt\/index.php?rest_route=\/wp\/v2\/types\/product"}],"wp:featuredmedia":[{"embeddable":true,"href":"https:\/\/museu.ourem.pt\/index.php?rest_route=\/wp\/v2\/media\/15884"}],"wp:attachment":[{"href":"https:\/\/museu.ourem.pt\/index.php?rest_route=%2Fwp%2Fv2%2Fmedia&parent=15883"}],"wp:term":[{"taxonomy":"product_cat","embeddable":true,"href":"https:\/\/museu.ourem.pt\/index.php?rest_route=%2Fwp%2Fv2%2Fproduct_cat&post=15883"},{"taxonomy":"product_tag","embeddable":true,"href":"https:\/\/museu.ourem.pt\/index.php?rest_route=%2Fwp%2Fv2%2Fproduct_tag&post=15883"}],"curies":[{"name":"wp","href":"https:\/\/api.w.org\/{rel}","templated":true}]}}