{"id":17307,"date":"2024-10-15T09:25:43","date_gmt":"2024-10-15T09:25:43","guid":{"rendered":"https:\/\/majortom.pt\/museuourem_v4\/?post_type=product&#038;p=17307"},"modified":"2024-10-15T09:37:11","modified_gmt":"2024-10-15T09:37:11","slug":"ourem-na-historia-e-nas-letras-estudos-e-documentos","status":"publish","type":"product","link":"https:\/\/museu.ourem.pt\/?product=ourem-na-historia-e-nas-letras-estudos-e-documentos","title":{"rendered":"Our\u00e9m na Hist\u00f3ria e nas Letras &#8211; Estudos e Documentos"},"content":{"rendered":"<div class=\"tts_content_wrapper_1\" ><\/div><div class=\"tts__custom-position_bottom_left\" ><\/div>","protected":false},"excerpt":{"rendered":"<p>(Andr\u00e9 C. &amp; Barbosa P., 1995)<br \/>\nDois documentos \u00fanicos sobre a hist\u00f3ria de Our\u00e9m, lend\u00e1ria e real, das suas gentes e viv\u00eancias.<\/p>\n","protected":false},"featured_media":17311,"template":"","meta":[],"product_cat":[69],"product_tag":[],"class_list":{"0":"post-17307","1":"product","2":"type-product","3":"status-publish","4":"has-post-thumbnail","6":"product_cat-livros","8":"first","9":"instock","10":"shipping-taxable","11":"purchasable","12":"product-type-simple"},"_links":{"self":[{"href":"https:\/\/museu.ourem.pt\/index.php?rest_route=\/wp\/v2\/product\/17307","targetHints":{"allow":["GET"]}}],"collection":[{"href":"https:\/\/museu.ourem.pt\/index.php?rest_route=\/wp\/v2\/product"}],"about":[{"href":"https:\/\/museu.ourem.pt\/index.php?rest_route=\/wp\/v2\/types\/product"}],"wp:featuredmedia":[{"embeddable":true,"href":"https:\/\/museu.ourem.pt\/index.php?rest_route=\/wp\/v2\/media\/17311"}],"wp:attachment":[{"href":"https:\/\/museu.ourem.pt\/index.php?rest_route=%2Fwp%2Fv2%2Fmedia&parent=17307"}],"wp:term":[{"taxonomy":"product_cat","embeddable":true,"href":"https:\/\/museu.ourem.pt\/index.php?rest_route=%2Fwp%2Fv2%2Fproduct_cat&post=17307"},{"taxonomy":"product_tag","embeddable":true,"href":"https:\/\/museu.ourem.pt\/index.php?rest_route=%2Fwp%2Fv2%2Fproduct_tag&post=17307"}],"curies":[{"name":"wp","href":"https:\/\/api.w.org\/{rel}","templated":true}]}}