{"id":17336,"date":"2024-10-15T09:37:45","date_gmt":"2024-10-15T09:37:45","guid":{"rendered":"https:\/\/majortom.pt\/museuourem_v4\/?post_type=product&#038;p=17336"},"modified":"2024-10-15T09:38:11","modified_gmt":"2024-10-15T09:38:11","slug":"descricao-da-vila-de-ourem","status":"publish","type":"product","link":"https:\/\/museu.ourem.pt\/?product=descricao-da-vila-de-ourem","title":{"rendered":"Descri\u00e7\u00e3o da Vila de Our\u00e9m"},"content":{"rendered":"<div class=\"tts_content_wrapper_1\" ><\/div><div class=\"tts__custom-position_bottom_left\" ><\/div>","protected":false},"excerpt":{"rendered":"<p>(P.e Lu\u00eds Ant\u00f3nio Flores, 1999)<br \/>\nTranscri\u00e7\u00e3o integral do documento original feito em 1758 pelo Padre Lu\u00eds Ant\u00f3nio Flores, da Colegiada de Our\u00e9m, em resposta ao inqu\u00e9rito r\u00e9gio, que tinha como fim recolher todas as informa\u00e7\u00f5es sobre o concelho de Our\u00e9m e o modo como foi afetado pelo terramoto de 1755.<\/p>\n","protected":false},"featured_media":17312,"template":"","meta":[],"product_cat":[69],"product_tag":[],"class_list":{"0":"post-17336","1":"product","2":"type-product","3":"status-publish","4":"has-post-thumbnail","6":"product_cat-livros","8":"first","9":"instock","10":"shipping-taxable","11":"purchasable","12":"product-type-simple"},"_links":{"self":[{"href":"https:\/\/museu.ourem.pt\/index.php?rest_route=\/wp\/v2\/product\/17336","targetHints":{"allow":["GET"]}}],"collection":[{"href":"https:\/\/museu.ourem.pt\/index.php?rest_route=\/wp\/v2\/product"}],"about":[{"href":"https:\/\/museu.ourem.pt\/index.php?rest_route=\/wp\/v2\/types\/product"}],"wp:featuredmedia":[{"embeddable":true,"href":"https:\/\/museu.ourem.pt\/index.php?rest_route=\/wp\/v2\/media\/17312"}],"wp:attachment":[{"href":"https:\/\/museu.ourem.pt\/index.php?rest_route=%2Fwp%2Fv2%2Fmedia&parent=17336"}],"wp:term":[{"taxonomy":"product_cat","embeddable":true,"href":"https:\/\/museu.ourem.pt\/index.php?rest_route=%2Fwp%2Fv2%2Fproduct_cat&post=17336"},{"taxonomy":"product_tag","embeddable":true,"href":"https:\/\/museu.ourem.pt\/index.php?rest_route=%2Fwp%2Fv2%2Fproduct_tag&post=17336"}],"curies":[{"name":"wp","href":"https:\/\/api.w.org\/{rel}","templated":true}]}}