{"id":17337,"date":"2024-10-15T09:40:52","date_gmt":"2024-10-15T09:40:52","guid":{"rendered":"https:\/\/majortom.pt\/museuourem_v4\/?post_type=product&#038;p=17337"},"modified":"2024-10-15T09:41:45","modified_gmt":"2024-10-15T09:41:45","slug":"ourem-na-viragem-do-milenio","status":"publish","type":"product","link":"https:\/\/museu.ourem.pt\/?product=ourem-na-viragem-do-milenio","title":{"rendered":"Our\u00e9m na Viragem do Mil\u00e9nio"},"content":{"rendered":"<div class=\"tts_content_wrapper_1\" ><\/div><div class=\"tts__custom-position_bottom_left\" ><\/div>","protected":false},"excerpt":{"rendered":"<p>(Guedes R., 2001)<br \/>\n\u00c1lbum que revisita as mem\u00f3rias hist\u00f3ricas e patrimoniais do concelho de Our\u00e9m. Este livro apresenta uma breve reportagem hist\u00f3rica, seguida de registo fotogr\u00e1fico de Our\u00e9m de ontem e de hoje.<\/p>\n","protected":false},"featured_media":17313,"template":"","meta":[],"product_cat":[69],"product_tag":[],"class_list":{"0":"post-17337","1":"product","2":"type-product","3":"status-publish","4":"has-post-thumbnail","6":"product_cat-livros","8":"first","9":"instock","10":"shipping-taxable","11":"purchasable","12":"product-type-simple"},"_links":{"self":[{"href":"https:\/\/museu.ourem.pt\/index.php?rest_route=\/wp\/v2\/product\/17337","targetHints":{"allow":["GET"]}}],"collection":[{"href":"https:\/\/museu.ourem.pt\/index.php?rest_route=\/wp\/v2\/product"}],"about":[{"href":"https:\/\/museu.ourem.pt\/index.php?rest_route=\/wp\/v2\/types\/product"}],"wp:featuredmedia":[{"embeddable":true,"href":"https:\/\/museu.ourem.pt\/index.php?rest_route=\/wp\/v2\/media\/17313"}],"wp:attachment":[{"href":"https:\/\/museu.ourem.pt\/index.php?rest_route=%2Fwp%2Fv2%2Fmedia&parent=17337"}],"wp:term":[{"taxonomy":"product_cat","embeddable":true,"href":"https:\/\/museu.ourem.pt\/index.php?rest_route=%2Fwp%2Fv2%2Fproduct_cat&post=17337"},{"taxonomy":"product_tag","embeddable":true,"href":"https:\/\/museu.ourem.pt\/index.php?rest_route=%2Fwp%2Fv2%2Fproduct_tag&post=17337"}],"curies":[{"name":"wp","href":"https:\/\/api.w.org\/{rel}","templated":true}]}}