{"id":17339,"date":"2024-10-15T09:42:51","date_gmt":"2024-10-15T09:42:51","guid":{"rendered":"https:\/\/majortom.pt\/museuourem_v4\/?post_type=product&#038;p=17339"},"modified":"2024-10-15T09:43:20","modified_gmt":"2024-10-15T09:43:20","slug":"actas-patrimonio-e-identidades-xiv-jornadas-funcao-social-do-museu","status":"publish","type":"product","link":"https:\/\/museu.ourem.pt\/?product=actas-patrimonio-e-identidades-xiv-jornadas-funcao-social-do-museu","title":{"rendered":"Actas \u2013 Patrim\u00f3nio e Identidades, XIV Jornadas Fun\u00e7\u00e3o Social do Museu"},"content":{"rendered":"<div class=\"tts_content_wrapper_1\" ><\/div><div class=\"tts__custom-position_bottom_left\" ><\/div>","protected":false},"excerpt":{"rendered":"<p>(Our\u00e9m, 2002)<br \/>\nCompila\u00e7\u00e3o das comunica\u00e7\u00f5es cient\u00edficas proferidas aquando das XIV Jornadas sobre a Fun\u00e7\u00e3o Social do Museu.<\/p>\n","protected":false},"featured_media":17315,"template":"","meta":[],"product_cat":[69],"product_tag":[],"class_list":{"0":"post-17339","1":"product","2":"type-product","3":"status-publish","4":"has-post-thumbnail","6":"product_cat-livros","8":"first","9":"instock","10":"shipping-taxable","11":"purchasable","12":"product-type-simple"},"_links":{"self":[{"href":"https:\/\/museu.ourem.pt\/index.php?rest_route=\/wp\/v2\/product\/17339","targetHints":{"allow":["GET"]}}],"collection":[{"href":"https:\/\/museu.ourem.pt\/index.php?rest_route=\/wp\/v2\/product"}],"about":[{"href":"https:\/\/museu.ourem.pt\/index.php?rest_route=\/wp\/v2\/types\/product"}],"wp:featuredmedia":[{"embeddable":true,"href":"https:\/\/museu.ourem.pt\/index.php?rest_route=\/wp\/v2\/media\/17315"}],"wp:attachment":[{"href":"https:\/\/museu.ourem.pt\/index.php?rest_route=%2Fwp%2Fv2%2Fmedia&parent=17339"}],"wp:term":[{"taxonomy":"product_cat","embeddable":true,"href":"https:\/\/museu.ourem.pt\/index.php?rest_route=%2Fwp%2Fv2%2Fproduct_cat&post=17339"},{"taxonomy":"product_tag","embeddable":true,"href":"https:\/\/museu.ourem.pt\/index.php?rest_route=%2Fwp%2Fv2%2Fproduct_tag&post=17339"}],"curies":[{"name":"wp","href":"https:\/\/api.w.org\/{rel}","templated":true}]}}