{"id":17346,"date":"2024-10-15T09:52:22","date_gmt":"2024-10-15T09:52:22","guid":{"rendered":"https:\/\/majortom.pt\/museuourem_v4\/?post_type=product&#038;p=17346"},"modified":"2024-10-15T09:53:14","modified_gmt":"2024-10-15T09:53:14","slug":"roteiro-turistico-de-ourem","status":"publish","type":"product","link":"https:\/\/museu.ourem.pt\/?product=roteiro-turistico-de-ourem","title":{"rendered":"Roteiro Tur\u00edstico de Our\u00e9m"},"content":{"rendered":"<div class=\"tts_content_wrapper_1\" ><\/div><div class=\"tts__custom-position_bottom_left\" ><\/div>","protected":false},"excerpt":{"rendered":"<p>(C\u00e2mara Municipal de Our\u00e9m, 2004)<br \/>\nGuia tur\u00edstico que, para al\u00e9m de um mapa, disponibiliza informa\u00e7\u00f5es \u00fateis e diversas sobre o territ\u00f3rio, a hist\u00f3ria, o patrim\u00f3nio, a cultura e o lazer. Em portugu\u00eas ou ingl\u00eas.<\/p>\n","protected":false},"featured_media":17322,"template":"","meta":[],"product_cat":[69],"product_tag":[],"class_list":{"0":"post-17346","1":"product","2":"type-product","3":"status-publish","4":"has-post-thumbnail","6":"product_cat-livros","8":"first","9":"instock","10":"shipping-taxable","11":"purchasable","12":"product-type-simple"},"_links":{"self":[{"href":"https:\/\/museu.ourem.pt\/index.php?rest_route=\/wp\/v2\/product\/17346","targetHints":{"allow":["GET"]}}],"collection":[{"href":"https:\/\/museu.ourem.pt\/index.php?rest_route=\/wp\/v2\/product"}],"about":[{"href":"https:\/\/museu.ourem.pt\/index.php?rest_route=\/wp\/v2\/types\/product"}],"wp:featuredmedia":[{"embeddable":true,"href":"https:\/\/museu.ourem.pt\/index.php?rest_route=\/wp\/v2\/media\/17322"}],"wp:attachment":[{"href":"https:\/\/museu.ourem.pt\/index.php?rest_route=%2Fwp%2Fv2%2Fmedia&parent=17346"}],"wp:term":[{"taxonomy":"product_cat","embeddable":true,"href":"https:\/\/museu.ourem.pt\/index.php?rest_route=%2Fwp%2Fv2%2Fproduct_cat&post=17346"},{"taxonomy":"product_tag","embeddable":true,"href":"https:\/\/museu.ourem.pt\/index.php?rest_route=%2Fwp%2Fv2%2Fproduct_tag&post=17346"}],"curies":[{"name":"wp","href":"https:\/\/api.w.org\/{rel}","templated":true}]}}