{"id":17370,"date":"2024-10-15T11:00:36","date_gmt":"2024-10-15T11:00:36","guid":{"rendered":"https:\/\/majortom.pt\/museuourem_v4\/?post_type=product&#038;p=17370"},"modified":"2024-10-15T11:01:04","modified_gmt":"2024-10-15T11:01:04","slug":"carta-arqueologica-do-concelho-de-ourem","status":"publish","type":"product","link":"https:\/\/museu.ourem.pt\/?product=carta-arqueologica-do-concelho-de-ourem","title":{"rendered":"Carta Arqueol\u00f3gica do Concelho de Our\u00e9m"},"content":{"rendered":"<div class=\"tts_content_wrapper_1\" ><\/div><div class=\"tts__custom-position_bottom_left\" ><\/div>","protected":false},"excerpt":{"rendered":"<p>(Pereira J. et al, 2006)<br \/>\nCat\u00e1logo de todos os s\u00edtios arqueol\u00f3gicos j\u00e1 estudados no nosso concelho, com descri\u00e7\u00e3o dos diversos locais intervencionados pelo Munic\u00edpio.<\/p>\n","protected":false},"featured_media":17324,"template":"","meta":[],"product_cat":[69],"product_tag":[],"class_list":{"0":"post-17370","1":"product","2":"type-product","3":"status-publish","4":"has-post-thumbnail","6":"product_cat-livros","8":"first","9":"instock","10":"shipping-taxable","11":"purchasable","12":"product-type-simple"},"_links":{"self":[{"href":"https:\/\/museu.ourem.pt\/index.php?rest_route=\/wp\/v2\/product\/17370","targetHints":{"allow":["GET"]}}],"collection":[{"href":"https:\/\/museu.ourem.pt\/index.php?rest_route=\/wp\/v2\/product"}],"about":[{"href":"https:\/\/museu.ourem.pt\/index.php?rest_route=\/wp\/v2\/types\/product"}],"wp:featuredmedia":[{"embeddable":true,"href":"https:\/\/museu.ourem.pt\/index.php?rest_route=\/wp\/v2\/media\/17324"}],"wp:attachment":[{"href":"https:\/\/museu.ourem.pt\/index.php?rest_route=%2Fwp%2Fv2%2Fmedia&parent=17370"}],"wp:term":[{"taxonomy":"product_cat","embeddable":true,"href":"https:\/\/museu.ourem.pt\/index.php?rest_route=%2Fwp%2Fv2%2Fproduct_cat&post=17370"},{"taxonomy":"product_tag","embeddable":true,"href":"https:\/\/museu.ourem.pt\/index.php?rest_route=%2Fwp%2Fv2%2Fproduct_tag&post=17370"}],"curies":[{"name":"wp","href":"https:\/\/api.w.org\/{rel}","templated":true}]}}