{"id":17371,"date":"2024-10-15T11:01:17","date_gmt":"2024-10-15T11:01:17","guid":{"rendered":"https:\/\/majortom.pt\/museuourem_v4\/?post_type=product&#038;p=17371"},"modified":"2024-10-15T11:04:06","modified_gmt":"2024-10-15T11:04:06","slug":"o-que-ha-esta-na-mesa","status":"publish","type":"product","link":"https:\/\/museu.ourem.pt\/?product=o-que-ha-esta-na-mesa","title":{"rendered":"O Que H\u00e1, Est\u00e1 na Mesa!"},"content":{"rendered":"<div class=\"tts_content_wrapper_1\" ><\/div><div class=\"tts__custom-position_bottom_left\" ><\/div>","protected":false},"excerpt":{"rendered":"<p>(Saraiva A., 2008)<br \/>\n&#8220;A gastronomia \u00e9 um facto social e um bem cultural, porque interv\u00e9m na identifica\u00e7\u00e3o de indiv\u00edduos, de regi\u00f5es, de sistemas alimentares, das realidades culturais. (\u2026) \u00c9, pois, uma forma de comunica\u00e7\u00e3o.&#8221;<\/p>\n","protected":false},"featured_media":17325,"template":"","meta":[],"product_cat":[69],"product_tag":[],"class_list":{"0":"post-17371","1":"product","2":"type-product","3":"status-publish","4":"has-post-thumbnail","6":"product_cat-livros","8":"first","9":"instock","10":"shipping-taxable","11":"purchasable","12":"product-type-simple"},"_links":{"self":[{"href":"https:\/\/museu.ourem.pt\/index.php?rest_route=\/wp\/v2\/product\/17371","targetHints":{"allow":["GET"]}}],"collection":[{"href":"https:\/\/museu.ourem.pt\/index.php?rest_route=\/wp\/v2\/product"}],"about":[{"href":"https:\/\/museu.ourem.pt\/index.php?rest_route=\/wp\/v2\/types\/product"}],"wp:featuredmedia":[{"embeddable":true,"href":"https:\/\/museu.ourem.pt\/index.php?rest_route=\/wp\/v2\/media\/17325"}],"wp:attachment":[{"href":"https:\/\/museu.ourem.pt\/index.php?rest_route=%2Fwp%2Fv2%2Fmedia&parent=17371"}],"wp:term":[{"taxonomy":"product_cat","embeddable":true,"href":"https:\/\/museu.ourem.pt\/index.php?rest_route=%2Fwp%2Fv2%2Fproduct_cat&post=17371"},{"taxonomy":"product_tag","embeddable":true,"href":"https:\/\/museu.ourem.pt\/index.php?rest_route=%2Fwp%2Fv2%2Fproduct_tag&post=17371"}],"curies":[{"name":"wp","href":"https:\/\/api.w.org\/{rel}","templated":true}]}}