{"id":17372,"date":"2024-10-15T11:04:19","date_gmt":"2024-10-15T11:04:19","guid":{"rendered":"https:\/\/majortom.pt\/museuourem_v4\/?post_type=product&#038;p=17372"},"modified":"2024-10-15T11:05:00","modified_gmt":"2024-10-15T11:05:00","slug":"a-implantacao-da-republica-em-vila-nova-de-ourem","status":"publish","type":"product","link":"https:\/\/museu.ourem.pt\/?product=a-implantacao-da-republica-em-vila-nova-de-ourem","title":{"rendered":"A Implanta\u00e7\u00e3o da Rep\u00fablica em Vila Nova de Our\u00e9m"},"content":{"rendered":"<div class=\"tts_content_wrapper_1\" ><\/div><div class=\"tts__custom-position_bottom_left\" ><\/div>","protected":false},"excerpt":{"rendered":"<p>(Voz de Our\u00e9m, Povo de Our\u00e9m e Not\u00edcias de Our\u00e9m, 2010)<br \/>\n\u201cA proclama\u00e7\u00e3o da Rep\u00fablica a 5 de outubro de 1910 vira uma p\u00e1gina importante na vida do pa\u00eds e tem eco significativo na ent\u00e3o Vila Nova de Our\u00e9m. (\u2026) De entre essas figuras ressalta a de Artur de Oliveira Santos, quer pelos cargos que exerceu, quer tamb\u00e9m por toda a actividade desenvolvida em prol da afirma\u00e7\u00e3o da Rep\u00fablica, nomeadamente, na imprensa local.\u201d<\/p>\n","protected":false},"featured_media":17326,"template":"","meta":[],"product_cat":[69],"product_tag":[],"class_list":{"0":"post-17372","1":"product","2":"type-product","3":"status-publish","4":"has-post-thumbnail","6":"product_cat-livros","8":"first","9":"instock","10":"shipping-taxable","11":"purchasable","12":"product-type-simple"},"_links":{"self":[{"href":"https:\/\/museu.ourem.pt\/index.php?rest_route=\/wp\/v2\/product\/17372","targetHints":{"allow":["GET"]}}],"collection":[{"href":"https:\/\/museu.ourem.pt\/index.php?rest_route=\/wp\/v2\/product"}],"about":[{"href":"https:\/\/museu.ourem.pt\/index.php?rest_route=\/wp\/v2\/types\/product"}],"wp:featuredmedia":[{"embeddable":true,"href":"https:\/\/museu.ourem.pt\/index.php?rest_route=\/wp\/v2\/media\/17326"}],"wp:attachment":[{"href":"https:\/\/museu.ourem.pt\/index.php?rest_route=%2Fwp%2Fv2%2Fmedia&parent=17372"}],"wp:term":[{"taxonomy":"product_cat","embeddable":true,"href":"https:\/\/museu.ourem.pt\/index.php?rest_route=%2Fwp%2Fv2%2Fproduct_cat&post=17372"},{"taxonomy":"product_tag","embeddable":true,"href":"https:\/\/museu.ourem.pt\/index.php?rest_route=%2Fwp%2Fv2%2Fproduct_tag&post=17372"}],"curies":[{"name":"wp","href":"https:\/\/api.w.org\/{rel}","templated":true}]}}