{"id":17373,"date":"2024-10-15T11:06:22","date_gmt":"2024-10-15T11:06:22","guid":{"rendered":"https:\/\/majortom.pt\/museuourem_v4\/?post_type=product&#038;p=17373"},"modified":"2024-10-15T11:07:09","modified_gmt":"2024-10-15T11:07:09","slug":"contos-da-biodiversidade","status":"publish","type":"product","link":"https:\/\/museu.ourem.pt\/?product=contos-da-biodiversidade","title":{"rendered":"Contos da Biodiversidade"},"content":{"rendered":"<div class=\"tts_content_wrapper_1\" ><\/div><div class=\"tts__custom-position_bottom_left\" ><\/div>","protected":false},"excerpt":{"rendered":"<p>(Pipa A. et al, 2010)<br \/>\nRe\u00fane um conjunto de textos publicados no jornal Quercus Ambiente e procura p\u00f4r em relevo a import\u00e2ncia de preservar a biodiversidade, representando ainda um dos contributos da Quercus para assinalar o Ano Internacional da Biodiversidade, que teve lugar em 2010.<\/p>\n","protected":false},"featured_media":17327,"template":"","meta":[],"product_cat":[69],"product_tag":[],"class_list":{"0":"post-17373","1":"product","2":"type-product","3":"status-publish","4":"has-post-thumbnail","6":"product_cat-livros","8":"first","9":"instock","10":"shipping-taxable","11":"purchasable","12":"product-type-simple"},"_links":{"self":[{"href":"https:\/\/museu.ourem.pt\/index.php?rest_route=\/wp\/v2\/product\/17373","targetHints":{"allow":["GET"]}}],"collection":[{"href":"https:\/\/museu.ourem.pt\/index.php?rest_route=\/wp\/v2\/product"}],"about":[{"href":"https:\/\/museu.ourem.pt\/index.php?rest_route=\/wp\/v2\/types\/product"}],"wp:featuredmedia":[{"embeddable":true,"href":"https:\/\/museu.ourem.pt\/index.php?rest_route=\/wp\/v2\/media\/17327"}],"wp:attachment":[{"href":"https:\/\/museu.ourem.pt\/index.php?rest_route=%2Fwp%2Fv2%2Fmedia&parent=17373"}],"wp:term":[{"taxonomy":"product_cat","embeddable":true,"href":"https:\/\/museu.ourem.pt\/index.php?rest_route=%2Fwp%2Fv2%2Fproduct_cat&post=17373"},{"taxonomy":"product_tag","embeddable":true,"href":"https:\/\/museu.ourem.pt\/index.php?rest_route=%2Fwp%2Fv2%2Fproduct_tag&post=17373"}],"curies":[{"name":"wp","href":"https:\/\/api.w.org\/{rel}","templated":true}]}}