{"id":17374,"date":"2024-10-15T11:07:31","date_gmt":"2024-10-15T11:07:31","guid":{"rendered":"https:\/\/majortom.pt\/museuourem_v4\/?post_type=product&#038;p=17374"},"modified":"2024-10-15T11:08:16","modified_gmt":"2024-10-15T11:08:16","slug":"serras-de-aire-e-candeeiros","status":"publish","type":"product","link":"https:\/\/museu.ourem.pt\/?product=serras-de-aire-e-candeeiros","title":{"rendered":"Serras de Aire e Candeeiros"},"content":{"rendered":"<div class=\"tts_content_wrapper_1\" ><\/div><div class=\"tts__custom-position_bottom_left\" ><\/div>","protected":false},"excerpt":{"rendered":"<p>(Gameiro S., 2012)<br \/>\nPretende divulgar e valorizar o Patrim\u00f3nio Natural do centro do pa\u00eds, nomeadamente do Parque Natural das Serras de Aire e Candeeiros. No interior do Parque h\u00e1 que destacar as diversas grutas, as pegadas de dinossauros, as salinas de Rio Maior e um tro\u00e7o da estrada Romana bem preservado.<\/p>\n","protected":false},"featured_media":17328,"template":"","meta":[],"product_cat":[69],"product_tag":[],"class_list":{"0":"post-17374","1":"product","2":"type-product","3":"status-publish","4":"has-post-thumbnail","6":"product_cat-livros","8":"first","9":"instock","10":"shipping-taxable","11":"purchasable","12":"product-type-simple"},"_links":{"self":[{"href":"https:\/\/museu.ourem.pt\/index.php?rest_route=\/wp\/v2\/product\/17374","targetHints":{"allow":["GET"]}}],"collection":[{"href":"https:\/\/museu.ourem.pt\/index.php?rest_route=\/wp\/v2\/product"}],"about":[{"href":"https:\/\/museu.ourem.pt\/index.php?rest_route=\/wp\/v2\/types\/product"}],"wp:featuredmedia":[{"embeddable":true,"href":"https:\/\/museu.ourem.pt\/index.php?rest_route=\/wp\/v2\/media\/17328"}],"wp:attachment":[{"href":"https:\/\/museu.ourem.pt\/index.php?rest_route=%2Fwp%2Fv2%2Fmedia&parent=17374"}],"wp:term":[{"taxonomy":"product_cat","embeddable":true,"href":"https:\/\/museu.ourem.pt\/index.php?rest_route=%2Fwp%2Fv2%2Fproduct_cat&post=17374"},{"taxonomy":"product_tag","embeddable":true,"href":"https:\/\/museu.ourem.pt\/index.php?rest_route=%2Fwp%2Fv2%2Fproduct_tag&post=17374"}],"curies":[{"name":"wp","href":"https:\/\/api.w.org\/{rel}","templated":true}]}}