{"id":17375,"date":"2024-10-15T11:08:35","date_gmt":"2024-10-15T11:08:35","guid":{"rendered":"https:\/\/majortom.pt\/museuourem_v4\/?post_type=product&#038;p=17375"},"modified":"2024-10-15T11:09:25","modified_gmt":"2024-10-15T11:09:25","slug":"francisco-vieira-de-figueiredo","status":"publish","type":"product","link":"https:\/\/museu.ourem.pt\/?product=francisco-vieira-de-figueiredo","title":{"rendered":"Francisco Vieira de Figueiredo"},"content":{"rendered":"<div class=\"tts_content_wrapper_1\" ><\/div><div class=\"tts__custom-position_bottom_left\" ><\/div>","protected":false},"excerpt":{"rendered":"<p>(Batista A. &amp; Ribeiro S., 2012)<br \/>\nFrancisco Vieira de Figueiredo nasceu em Our\u00e9m, por volta de 1612. Quando tinha 11 ou 12 anos, partiu para a \u00cdndia. Mais tarde, estendeu o seu neg\u00f3cio mercantil a Malaca, Macau e Filipinas. Ap\u00f3s a Restaura\u00e7\u00e3o em Portugal, em 1640, estabeleceu-se em Makassar (Celebes) e prestou apoio aos portugueses que estavam com dificuldades em Malaca e Macau. Faleceu em 5 de dezembro de 1667, em circunst\u00e2ncias misteriosas. A sua vi\u00fava regressou a Macau em 1670 e continuou os neg\u00f3cios e o trabalho de caridade do seu falecido marido.<\/p>\n","protected":false},"featured_media":17329,"template":"","meta":[],"product_cat":[69],"product_tag":[],"class_list":{"0":"post-17375","1":"product","2":"type-product","3":"status-publish","4":"has-post-thumbnail","6":"product_cat-livros","8":"first","9":"instock","10":"shipping-taxable","11":"purchasable","12":"product-type-simple"},"_links":{"self":[{"href":"https:\/\/museu.ourem.pt\/index.php?rest_route=\/wp\/v2\/product\/17375","targetHints":{"allow":["GET"]}}],"collection":[{"href":"https:\/\/museu.ourem.pt\/index.php?rest_route=\/wp\/v2\/product"}],"about":[{"href":"https:\/\/museu.ourem.pt\/index.php?rest_route=\/wp\/v2\/types\/product"}],"wp:featuredmedia":[{"embeddable":true,"href":"https:\/\/museu.ourem.pt\/index.php?rest_route=\/wp\/v2\/media\/17329"}],"wp:attachment":[{"href":"https:\/\/museu.ourem.pt\/index.php?rest_route=%2Fwp%2Fv2%2Fmedia&parent=17375"}],"wp:term":[{"taxonomy":"product_cat","embeddable":true,"href":"https:\/\/museu.ourem.pt\/index.php?rest_route=%2Fwp%2Fv2%2Fproduct_cat&post=17375"},{"taxonomy":"product_tag","embeddable":true,"href":"https:\/\/museu.ourem.pt\/index.php?rest_route=%2Fwp%2Fv2%2Fproduct_tag&post=17375"}],"curies":[{"name":"wp","href":"https:\/\/api.w.org\/{rel}","templated":true}]}}