{"id":17377,"date":"2024-10-15T11:11:12","date_gmt":"2024-10-15T11:11:12","guid":{"rendered":"https:\/\/majortom.pt\/museuourem_v4\/?post_type=product&#038;p=17377"},"modified":"2024-10-15T11:19:42","modified_gmt":"2024-10-15T11:19:42","slug":"forais-de-ourem","status":"publish","type":"product","link":"https:\/\/museu.ourem.pt\/?product=forais-de-ourem","title":{"rendered":"Forais de Our\u00e9m"},"content":{"rendered":"<div class=\"tts_content_wrapper_1\" ><\/div><div class=\"tts__custom-position_bottom_left\" ><\/div>","protected":false},"excerpt":{"rendered":"<p>(Gomes S., 2016)<br \/>\nPublica\u00e7\u00e3o comemorativa dos 500 anos do Foral Manuelino e o 175.\u00ba anivers\u00e1rio da eleva\u00e7\u00e3o da Aldeia da Cruz a vila, com a denomina\u00e7\u00e3o de Vila Nova de Our\u00e9m, por alvar\u00e1 assinado pela rainha D. Maria II, em 25 de setembro de 1841.<\/p>\n","protected":false},"featured_media":17331,"template":"","meta":[],"product_cat":[69],"product_tag":[],"class_list":{"0":"post-17377","1":"product","2":"type-product","3":"status-publish","4":"has-post-thumbnail","6":"product_cat-livros","8":"first","9":"instock","10":"shipping-taxable","11":"purchasable","12":"product-type-variable","13":"has-default-attributes"},"_links":{"self":[{"href":"https:\/\/museu.ourem.pt\/index.php?rest_route=\/wp\/v2\/product\/17377","targetHints":{"allow":["GET"]}}],"collection":[{"href":"https:\/\/museu.ourem.pt\/index.php?rest_route=\/wp\/v2\/product"}],"about":[{"href":"https:\/\/museu.ourem.pt\/index.php?rest_route=\/wp\/v2\/types\/product"}],"wp:featuredmedia":[{"embeddable":true,"href":"https:\/\/museu.ourem.pt\/index.php?rest_route=\/wp\/v2\/media\/17331"}],"wp:attachment":[{"href":"https:\/\/museu.ourem.pt\/index.php?rest_route=%2Fwp%2Fv2%2Fmedia&parent=17377"}],"wp:term":[{"taxonomy":"product_cat","embeddable":true,"href":"https:\/\/museu.ourem.pt\/index.php?rest_route=%2Fwp%2Fv2%2Fproduct_cat&post=17377"},{"taxonomy":"product_tag","embeddable":true,"href":"https:\/\/museu.ourem.pt\/index.php?rest_route=%2Fwp%2Fv2%2Fproduct_tag&post=17377"}],"curies":[{"name":"wp","href":"https:\/\/api.w.org\/{rel}","templated":true}]}}