{"id":17381,"date":"2024-10-15T11:22:43","date_gmt":"2024-10-15T11:22:43","guid":{"rendered":"https:\/\/majortom.pt\/museuourem_v4\/?post_type=product&#038;p=17381"},"modified":"2024-10-15T11:23:21","modified_gmt":"2024-10-15T11:23:21","slug":"ourem-do-castelo-a-cidade","status":"publish","type":"product","link":"https:\/\/museu.ourem.pt\/?product=ourem-do-castelo-a-cidade","title":{"rendered":"Our\u00e9m, do Castelo \u00e0 Cidade"},"content":{"rendered":"<div class=\"tts_content_wrapper_1\" ><\/div><div class=\"tts__custom-position_bottom_left\" ><\/div>","protected":false},"excerpt":{"rendered":"<p>(Baptista A., 2018)<br \/>\nEstudo que pretende dar a conhecer factos relevantes e marcantes da hist\u00f3ria do concelho de Our\u00e9m, bem como das vicissitudes experimentadas ao longo do seu long\u00ednquo percurso, com especial \u00eanfase no que respeita ao prest\u00edgio alcan\u00e7ado pela velha Our\u00e9m e a sua posterior decad\u00eancia, por for\u00e7a de fen\u00f3menos naturais e sociais.<\/p>\n","protected":false},"featured_media":17332,"template":"","meta":[],"product_cat":[69],"product_tag":[],"class_list":{"0":"post-17381","1":"product","2":"type-product","3":"status-publish","4":"has-post-thumbnail","6":"product_cat-livros","8":"first","9":"instock","10":"shipping-taxable","11":"purchasable","12":"product-type-simple"},"_links":{"self":[{"href":"https:\/\/museu.ourem.pt\/index.php?rest_route=\/wp\/v2\/product\/17381","targetHints":{"allow":["GET"]}}],"collection":[{"href":"https:\/\/museu.ourem.pt\/index.php?rest_route=\/wp\/v2\/product"}],"about":[{"href":"https:\/\/museu.ourem.pt\/index.php?rest_route=\/wp\/v2\/types\/product"}],"wp:featuredmedia":[{"embeddable":true,"href":"https:\/\/museu.ourem.pt\/index.php?rest_route=\/wp\/v2\/media\/17332"}],"wp:attachment":[{"href":"https:\/\/museu.ourem.pt\/index.php?rest_route=%2Fwp%2Fv2%2Fmedia&parent=17381"}],"wp:term":[{"taxonomy":"product_cat","embeddable":true,"href":"https:\/\/museu.ourem.pt\/index.php?rest_route=%2Fwp%2Fv2%2Fproduct_cat&post=17381"},{"taxonomy":"product_tag","embeddable":true,"href":"https:\/\/museu.ourem.pt\/index.php?rest_route=%2Fwp%2Fv2%2Fproduct_tag&post=17381"}],"curies":[{"name":"wp","href":"https:\/\/api.w.org\/{rel}","templated":true}]}}