{"id":17383,"date":"2024-10-15T11:24:33","date_gmt":"2024-10-15T11:24:33","guid":{"rendered":"https:\/\/majortom.pt\/museuourem_v4\/?post_type=product&#038;p=17383"},"modified":"2024-10-15T11:25:05","modified_gmt":"2024-10-15T11:25:05","slug":"castelos-maravilhas-de-portugal","status":"publish","type":"product","link":"https:\/\/museu.ourem.pt\/?product=castelos-maravilhas-de-portugal","title":{"rendered":"Castelos &#8211; Maravilhas de Portugal"},"content":{"rendered":"<div class=\"tts_content_wrapper_1\" ><\/div><div class=\"tts__custom-position_bottom_left\" ><\/div>","protected":false},"excerpt":{"rendered":"<p>(Silva L. &amp; Martins M., 2023)<br \/>\nSegundo livro que Miguel Gomes Martins e Lib\u00f3rio Manuel Silva dedicam aos castelos portugueses. Ao primeiro, autor de vasta obra no \u00e2mbito da Hist\u00f3ria Militar, ficamos a dever as not\u00edcias hist\u00f3ricas que ajudam o visitante a conhecer melhor o passado das estruturas. Ao segundo devemos as belas fotografias que ajudam a perceber a enorme riqueza da nossa arquitetura militar.<\/p>\n","protected":false},"featured_media":17334,"template":"","meta":[],"product_cat":[69],"product_tag":[],"class_list":{"0":"post-17383","1":"product","2":"type-product","3":"status-publish","4":"has-post-thumbnail","6":"product_cat-livros","8":"first","9":"instock","10":"shipping-taxable","11":"purchasable","12":"product-type-simple"},"_links":{"self":[{"href":"https:\/\/museu.ourem.pt\/index.php?rest_route=\/wp\/v2\/product\/17383","targetHints":{"allow":["GET"]}}],"collection":[{"href":"https:\/\/museu.ourem.pt\/index.php?rest_route=\/wp\/v2\/product"}],"about":[{"href":"https:\/\/museu.ourem.pt\/index.php?rest_route=\/wp\/v2\/types\/product"}],"wp:featuredmedia":[{"embeddable":true,"href":"https:\/\/museu.ourem.pt\/index.php?rest_route=\/wp\/v2\/media\/17334"}],"wp:attachment":[{"href":"https:\/\/museu.ourem.pt\/index.php?rest_route=%2Fwp%2Fv2%2Fmedia&parent=17383"}],"wp:term":[{"taxonomy":"product_cat","embeddable":true,"href":"https:\/\/museu.ourem.pt\/index.php?rest_route=%2Fwp%2Fv2%2Fproduct_cat&post=17383"},{"taxonomy":"product_tag","embeddable":true,"href":"https:\/\/museu.ourem.pt\/index.php?rest_route=%2Fwp%2Fv2%2Fproduct_tag&post=17383"}],"curies":[{"name":"wp","href":"https:\/\/api.w.org\/{rel}","templated":true}]}}